{"id":656,"date":"2020-05-30T12:37:28","date_gmt":"2020-05-30T10:37:28","guid":{"rendered":"http:\/\/lev.music31.fr\/?page_id=656"},"modified":"2021-03-26T00:27:39","modified_gmt":"2021-03-25T23:27:39","slug":"autres-evenements","status":"publish","type":"page","link":"https:\/\/lev.music31.fr\/index.php\/autres-evenements\/","title":{"rendered":"Autres \u00e9v\u00e9nements"},"content":{"rendered":"\n<div class=\"wp-block-columns is-layout-flex wp-container-core-columns-is-layout-9d6595d7 wp-block-columns-is-layout-flex\">\n<div class=\"wp-block-column is-layout-flow wp-block-column-is-layout-flow\" style=\"flex-basis:20%\"><\/div>\n\n\n\n<div class=\"wp-block-column is-layout-flow wp-block-column-is-layout-flow\" style=\"flex-basis:66.66%\">\n<p>Nous aimons embellir la vie de l&rsquo;Eglise et accompagner les familles dans les moments importants qu&rsquo;ils partagent. Nous pouvons ainsi animer d&rsquo;autres \u00e9v\u00e9nements : <\/p>\n\n\n\n<div class=\"wp-block-columns is-layout-flex wp-container-core-columns-is-layout-9d6595d7 wp-block-columns-is-layout-flex\">\n<div class=\"wp-block-column is-layout-flow wp-block-column-is-layout-flow\" style=\"flex-basis:1%\"><\/div>\n\n\n\n<div class=\"wp-block-column is-layout-flow wp-block-column-is-layout-flow\" style=\"flex-basis:90%\">\n<ul class=\"wp-block-list\"><li>Messe \u00e0 la m\u00e9moire d&rsquo;un proche d\u00e9funt,<\/li><li>Veill\u00e9e de pri\u00e8re et de louange,<\/li><li>Messe dans le cadre d&rsquo;une f\u00eate votive,<\/li><li>Animation musicale d&rsquo;une session spirituelle,<\/li><li>Concert spirituel en maison de retraite,<\/li><li>Concert de No\u00ebl ou de P\u00e2ques&#8230;<\/li><li>&#8230; Bref, tout est possible !<\/li><\/ul>\n<\/div>\n<\/div>\n\n\n\n<p><a href=\"http:\/\/lev.music31.fr\/index.php\/nous-contacter\/\" target=\"_blank\" rel=\"noreferrer noopener\">Contactez-nous<\/a> tout simplement pour ces demandes sp\u00e9cifiques !<\/p>\n<\/div>\n<\/div>\n\n\n\n<figure class=\"wp-block-gallery columns-3 is-cropped wp-block-gallery-1 is-layout-flex wp-block-gallery-is-layout-flex\"><ul class=\"blocks-gallery-grid\"><li class=\"blocks-gallery-item\"><figure><img loading=\"lazy\" decoding=\"async\" width=\"1024\" height=\"1024\" src=\"https:\/\/lev.music31.fr\/wp-content\/uploads\/2021\/01\/AnimAutre4-1024x1024.jpg\" alt=\"\" data-id=\"861\" data-link=\"https:\/\/lev.music31.fr\/index.php\/autres-evenements\/animautre4\/\" class=\"wp-image-861\" srcset=\"https:\/\/lev.music31.fr\/wp-content\/uploads\/2021\/01\/AnimAutre4-1024x1024.jpg 1024w, https:\/\/lev.music31.fr\/wp-content\/uploads\/2021\/01\/AnimAutre4-300x300.jpg 300w, https:\/\/lev.music31.fr\/wp-content\/uploads\/2021\/01\/AnimAutre4-150x150.jpg 150w, https:\/\/lev.music31.fr\/wp-content\/uploads\/2021\/01\/AnimAutre4-768x768.jpg 768w, https:\/\/lev.music31.fr\/wp-content\/uploads\/2021\/01\/AnimAutre4-1536x1536.jpg 1536w, https:\/\/lev.music31.fr\/wp-content\/uploads\/2021\/01\/AnimAutre4-100x100.jpg 100w, https:\/\/lev.music31.fr\/wp-content\/uploads\/2021\/01\/AnimAutre4.jpg 1599w\" sizes=\"auto, (max-width: 767px) 89vw, (max-width: 1000px) 54vw, (max-width: 1071px) 543px, 580px\" \/><\/figure><\/li><li class=\"blocks-gallery-item\"><figure><img loading=\"lazy\" decoding=\"async\" width=\"1024\" height=\"842\" src=\"https:\/\/lev.music31.fr\/wp-content\/uploads\/2021\/01\/Concert-Noel_St-Marc_210117-1-1024x842.jpg\" alt=\"\" data-id=\"869\" data-full-url=\"https:\/\/lev.music31.fr\/wp-content\/uploads\/2021\/01\/Concert-Noel_St-Marc_210117-1-scaled.jpg\" data-link=\"https:\/\/lev.music31.fr\/index.php\/autres-evenements\/concert-noel_st-marc_210117-1\/\" class=\"wp-image-869\" srcset=\"https:\/\/lev.music31.fr\/wp-content\/uploads\/2021\/01\/Concert-Noel_St-Marc_210117-1-1024x842.jpg 1024w, https:\/\/lev.music31.fr\/wp-content\/uploads\/2021\/01\/Concert-Noel_St-Marc_210117-1-300x247.jpg 300w, https:\/\/lev.music31.fr\/wp-content\/uploads\/2021\/01\/Concert-Noel_St-Marc_210117-1-768x632.jpg 768w, https:\/\/lev.music31.fr\/wp-content\/uploads\/2021\/01\/Concert-Noel_St-Marc_210117-1-1536x1263.jpg 1536w, https:\/\/lev.music31.fr\/wp-content\/uploads\/2021\/01\/Concert-Noel_St-Marc_210117-1-2048x1684.jpg 2048w\" sizes=\"auto, (max-width: 767px) 89vw, (max-width: 1000px) 54vw, (max-width: 1071px) 543px, 580px\" \/><\/figure><\/li><li class=\"blocks-gallery-item\"><figure><img loading=\"lazy\" decoding=\"async\" width=\"796\" height=\"612\" src=\"https:\/\/lev.music31.fr\/wp-content\/uploads\/2021\/01\/Concert-Noel_2021.jpg\" alt=\"\" data-id=\"866\" data-link=\"https:\/\/lev.music31.fr\/index.php\/autres-evenements\/concert-noel_2021\/\" class=\"wp-image-866\" srcset=\"https:\/\/lev.music31.fr\/wp-content\/uploads\/2021\/01\/Concert-Noel_2021.jpg 796w, https:\/\/lev.music31.fr\/wp-content\/uploads\/2021\/01\/Concert-Noel_2021-300x231.jpg 300w, https:\/\/lev.music31.fr\/wp-content\/uploads\/2021\/01\/Concert-Noel_2021-768x590.jpg 768w\" sizes=\"auto, (max-width: 767px) 89vw, (max-width: 1000px) 54vw, (max-width: 1071px) 543px, 580px\" \/><\/figure><\/li><\/ul><\/figure>\n","protected":false},"excerpt":{"rendered":"<p>Nous aimons embellir la vie de l&rsquo;Eglise et accompagner les familles dans les moments importants qu&rsquo;ils partagent. Nous pouvons ainsi animer d&rsquo;autres \u00e9v\u00e9nements : Messe \u00e0 la m\u00e9moire d&rsquo;un proche d\u00e9funt, Veill\u00e9e de pri\u00e8re et de louange, Messe dans le cadre d&rsquo;une f\u00eate votive, Animation musicale d&rsquo;une session spirituelle, Concert spirituel en maison de retraite, &hellip; <\/p>\n<p class=\"link-more\"><a href=\"https:\/\/lev.music31.fr\/index.php\/autres-evenements\/\" class=\"more-link\">Continuer la lecture<span class=\"screen-reader-text\"> de &laquo;&nbsp;Autres \u00e9v\u00e9nements&nbsp;&raquo;<\/span><\/a><\/p>\n","protected":false},"author":1,"featured_media":0,"parent":0,"menu_order":0,"comment_status":"closed","ping_status":"closed","template":"","meta":{"footnotes":""},"class_list":["post-656","page","type-page","status-publish","hentry"],"yoast_head":"<!-- This site is optimized with the Yoast SEO plugin v20.3 - https:\/\/yoast.com\/wordpress\/plugins\/seo\/ -->\n<title>Autres \u00e9v\u00e9nements - L\u00e8v<\/title>\n<meta name=\"robots\" content=\"index, follow, max-snippet:-1, max-image-preview:large, max-video-preview:-1\" \/>\n<link rel=\"canonical\" href=\"https:\/\/lev.music31.fr\/index.php\/autres-evenements\/\" \/>\n<meta property=\"og:locale\" content=\"fr_FR\" \/>\n<meta property=\"og:type\" content=\"article\" \/>\n<meta property=\"og:title\" content=\"Autres \u00e9v\u00e9nements - L\u00e8v\" \/>\n<meta property=\"og:description\" content=\"Nous aimons embellir la vie de l&rsquo;Eglise et accompagner les familles dans les moments importants qu&rsquo;ils partagent. Nous pouvons ainsi animer d&rsquo;autres \u00e9v\u00e9nements : Messe \u00e0 la m\u00e9moire d&rsquo;un proche d\u00e9funt, Veill\u00e9e de pri\u00e8re et de louange, Messe dans le cadre d&rsquo;une f\u00eate votive, Animation musicale d&rsquo;une session spirituelle, Concert spirituel en maison de retraite, &hellip; Continuer la lecture de &laquo;&nbsp;Autres \u00e9v\u00e9nements&nbsp;&raquo;\" \/>\n<meta property=\"og:url\" content=\"https:\/\/lev.music31.fr\/index.php\/autres-evenements\/\" \/>\n<meta property=\"og:site_name\" content=\"L\u00e8v\" \/>\n<meta property=\"article:publisher\" content=\"https:\/\/www.facebook.com\/lev.music31\" \/>\n<meta property=\"article:modified_time\" content=\"2021-03-25T23:27:39+00:00\" \/>\n<meta property=\"og:image\" content=\"https:\/\/lev.music31.fr\/wp-content\/uploads\/2021\/01\/AnimAutre4-1024x1024.jpg\" \/>\n<meta name=\"twitter:card\" content=\"summary_large_image\" \/>\n<script type=\"application\/ld+json\" class=\"yoast-schema-graph\">{\"@context\":\"https:\/\/schema.org\",\"@graph\":[{\"@type\":\"WebPage\",\"@id\":\"https:\/\/lev.music31.fr\/index.php\/autres-evenements\/\",\"url\":\"https:\/\/lev.music31.fr\/index.php\/autres-evenements\/\",\"name\":\"Autres \u00e9v\u00e9nements - L\u00e8v\",\"isPartOf\":{\"@id\":\"https:\/\/lev.music31.fr\/#website\"},\"datePublished\":\"2020-05-30T10:37:28+00:00\",\"dateModified\":\"2021-03-25T23:27:39+00:00\",\"breadcrumb\":{\"@id\":\"https:\/\/lev.music31.fr\/index.php\/autres-evenements\/#breadcrumb\"},\"inLanguage\":\"fr-FR\",\"potentialAction\":[{\"@type\":\"ReadAction\",\"target\":[\"https:\/\/lev.music31.fr\/index.php\/autres-evenements\/\"]}]},{\"@type\":\"BreadcrumbList\",\"@id\":\"https:\/\/lev.music31.fr\/index.php\/autres-evenements\/#breadcrumb\",\"itemListElement\":[{\"@type\":\"ListItem\",\"position\":1,\"name\":\"Accueil\",\"item\":\"https:\/\/lev.music31.fr\/\"},{\"@type\":\"ListItem\",\"position\":2,\"name\":\"Autres \u00e9v\u00e9nements\"}]},{\"@type\":\"WebSite\",\"@id\":\"https:\/\/lev.music31.fr\/#website\",\"url\":\"https:\/\/lev.music31.fr\/\",\"name\":\"L\u00e8v\",\"description\":\"Battre au rythme de vos c\u0153urs\",\"publisher\":{\"@id\":\"https:\/\/lev.music31.fr\/#organization\"},\"potentialAction\":[{\"@type\":\"SearchAction\",\"target\":{\"@type\":\"EntryPoint\",\"urlTemplate\":\"https:\/\/lev.music31.fr\/?s={search_term_string}\"},\"query-input\":\"required name=search_term_string\"}],\"inLanguage\":\"fr-FR\"},{\"@type\":\"Organization\",\"@id\":\"https:\/\/lev.music31.fr\/#organization\",\"name\":\"L\u00c8V\",\"url\":\"https:\/\/lev.music31.fr\/\",\"logo\":{\"@type\":\"ImageObject\",\"inLanguage\":\"fr-FR\",\"@id\":\"https:\/\/lev.music31.fr\/#\/schema\/logo\/image\/\",\"url\":\"https:\/\/lev.music31.fr\/wp-content\/uploads\/2020\/03\/L\u00e8v-logo_4.png\",\"contentUrl\":\"https:\/\/lev.music31.fr\/wp-content\/uploads\/2020\/03\/L\u00e8v-logo_4.png\",\"width\":1080,\"height\":1080,\"caption\":\"L\u00c8V\"},\"image\":{\"@id\":\"https:\/\/lev.music31.fr\/#\/schema\/logo\/image\/\"},\"sameAs\":[\"https:\/\/www.facebook.com\/lev.music31\"]}]}<\/script>\n<!-- \/ Yoast SEO plugin. -->","yoast_head_json":{"title":"Autres \u00e9v\u00e9nements - L\u00e8v","robots":{"index":"index","follow":"follow","max-snippet":"max-snippet:-1","max-image-preview":"max-image-preview:large","max-video-preview":"max-video-preview:-1"},"canonical":"https:\/\/lev.music31.fr\/index.php\/autres-evenements\/","og_locale":"fr_FR","og_type":"article","og_title":"Autres \u00e9v\u00e9nements - L\u00e8v","og_description":"Nous aimons embellir la vie de l&rsquo;Eglise et accompagner les familles dans les moments importants qu&rsquo;ils partagent. Nous pouvons ainsi animer d&rsquo;autres \u00e9v\u00e9nements : Messe \u00e0 la m\u00e9moire d&rsquo;un proche d\u00e9funt, Veill\u00e9e de pri\u00e8re et de louange, Messe dans le cadre d&rsquo;une f\u00eate votive, Animation musicale d&rsquo;une session spirituelle, Concert spirituel en maison de retraite, &hellip; Continuer la lecture de &laquo;&nbsp;Autres \u00e9v\u00e9nements&nbsp;&raquo;","og_url":"https:\/\/lev.music31.fr\/index.php\/autres-evenements\/","og_site_name":"L\u00e8v","article_publisher":"https:\/\/www.facebook.com\/lev.music31","article_modified_time":"2021-03-25T23:27:39+00:00","og_image":[{"url":"https:\/\/lev.music31.fr\/wp-content\/uploads\/2021\/01\/AnimAutre4-1024x1024.jpg"}],"twitter_card":"summary_large_image","schema":{"@context":"https:\/\/schema.org","@graph":[{"@type":"WebPage","@id":"https:\/\/lev.music31.fr\/index.php\/autres-evenements\/","url":"https:\/\/lev.music31.fr\/index.php\/autres-evenements\/","name":"Autres \u00e9v\u00e9nements - L\u00e8v","isPartOf":{"@id":"https:\/\/lev.music31.fr\/#website"},"datePublished":"2020-05-30T10:37:28+00:00","dateModified":"2021-03-25T23:27:39+00:00","breadcrumb":{"@id":"https:\/\/lev.music31.fr\/index.php\/autres-evenements\/#breadcrumb"},"inLanguage":"fr-FR","potentialAction":[{"@type":"ReadAction","target":["https:\/\/lev.music31.fr\/index.php\/autres-evenements\/"]}]},{"@type":"BreadcrumbList","@id":"https:\/\/lev.music31.fr\/index.php\/autres-evenements\/#breadcrumb","itemListElement":[{"@type":"ListItem","position":1,"name":"Accueil","item":"https:\/\/lev.music31.fr\/"},{"@type":"ListItem","position":2,"name":"Autres \u00e9v\u00e9nements"}]},{"@type":"WebSite","@id":"https:\/\/lev.music31.fr\/#website","url":"https:\/\/lev.music31.fr\/","name":"L\u00e8v","description":"Battre au rythme de vos c\u0153urs","publisher":{"@id":"https:\/\/lev.music31.fr\/#organization"},"potentialAction":[{"@type":"SearchAction","target":{"@type":"EntryPoint","urlTemplate":"https:\/\/lev.music31.fr\/?s={search_term_string}"},"query-input":"required name=search_term_string"}],"inLanguage":"fr-FR"},{"@type":"Organization","@id":"https:\/\/lev.music31.fr\/#organization","name":"L\u00c8V","url":"https:\/\/lev.music31.fr\/","logo":{"@type":"ImageObject","inLanguage":"fr-FR","@id":"https:\/\/lev.music31.fr\/#\/schema\/logo\/image\/","url":"https:\/\/lev.music31.fr\/wp-content\/uploads\/2020\/03\/L\u00e8v-logo_4.png","contentUrl":"https:\/\/lev.music31.fr\/wp-content\/uploads\/2020\/03\/L\u00e8v-logo_4.png","width":1080,"height":1080,"caption":"L\u00c8V"},"image":{"@id":"https:\/\/lev.music31.fr\/#\/schema\/logo\/image\/"},"sameAs":["https:\/\/www.facebook.com\/lev.music31"]}]}},"_links":{"self":[{"href":"https:\/\/lev.music31.fr\/index.php\/wp-json\/wp\/v2\/pages\/656","targetHints":{"allow":["GET"]}}],"collection":[{"href":"https:\/\/lev.music31.fr\/index.php\/wp-json\/wp\/v2\/pages"}],"about":[{"href":"https:\/\/lev.music31.fr\/index.php\/wp-json\/wp\/v2\/types\/page"}],"author":[{"embeddable":true,"href":"https:\/\/lev.music31.fr\/index.php\/wp-json\/wp\/v2\/users\/1"}],"replies":[{"embeddable":true,"href":"https:\/\/lev.music31.fr\/index.php\/wp-json\/wp\/v2\/comments?post=656"}],"version-history":[{"count":19,"href":"https:\/\/lev.music31.fr\/index.php\/wp-json\/wp\/v2\/pages\/656\/revisions"}],"predecessor-version":[{"id":931,"href":"https:\/\/lev.music31.fr\/index.php\/wp-json\/wp\/v2\/pages\/656\/revisions\/931"}],"wp:attachment":[{"href":"https:\/\/lev.music31.fr\/index.php\/wp-json\/wp\/v2\/media?parent=656"}],"curies":[{"name":"wp","href":"https:\/\/api.w.org\/{rel}","templated":true}]}}