{"id":20,"date":"2020-03-06T22:48:57","date_gmt":"2020-03-06T21:48:57","guid":{"rendered":"http:\/\/musique31.fr\/?page_id=20"},"modified":"2023-03-15T00:01:02","modified_gmt":"2023-03-14T23:01:02","slug":"nous-contacter","status":"publish","type":"page","link":"https:\/\/lev.music31.fr\/index.php\/nous-contacter\/","title":{"rendered":"Contact"},"content":{"rendered":"\n<div class=\"wp-block-columns is-layout-flex wp-container-core-columns-is-layout-9d6595d7 wp-block-columns-is-layout-flex\">\n<div class=\"wp-block-column is-layout-flow wp-block-column-is-layout-flow\" style=\"flex-basis:26%\"><\/div>\n\n\n\n<div class=\"wp-block-column is-layout-flow wp-block-column-is-layout-flow\" style=\"flex-basis:70%\">\n<p class=\"has-text-align-center has-very-light-gray-color has-text-color has-background\" style=\"background-color:#702d1b\">N&rsquo;h\u00e9sitez pas \u00e0 nous contacter pour tout renseignement compl\u00e9mentaire au <strong>06 02 05 26 52<\/strong>, ou pour une demande de devis via le formulaire ci-dessous. Nous nous ferons une joie de d\u00e9couvrir votre projet et de r\u00e9pondre \u00e0 toutes vos questions dans les plus brefs d\u00e9lais. \u00c0 tr\u00e8s vite !<\/p>\n\n\n\n\n<div class=\"wpcf7 no-js\" id=\"wpcf7-f81-o1\" lang=\"fr-FR\" dir=\"ltr\">\n<div class=\"screen-reader-response\"><p role=\"status\" aria-live=\"polite\" aria-atomic=\"true\"><\/p> <ul><\/ul><\/div>\n<form action=\"\/index.php\/wp-json\/wp\/v2\/pages\/20#wpcf7-f81-o1\" method=\"post\" class=\"wpcf7-form init\" aria-label=\"Formulaire de contact\" novalidate=\"novalidate\" data-status=\"init\">\n<div style=\"display: none;\">\n<input type=\"hidden\" name=\"_wpcf7\" value=\"81\" \/>\n<input type=\"hidden\" name=\"_wpcf7_version\" value=\"5.7.4\" \/>\n<input type=\"hidden\" name=\"_wpcf7_locale\" value=\"fr_FR\" \/>\n<input type=\"hidden\" name=\"_wpcf7_unit_tag\" value=\"wpcf7-f81-o1\" \/>\n<input type=\"hidden\" name=\"_wpcf7_container_post\" value=\"0\" \/>\n<input type=\"hidden\" name=\"_wpcf7_posted_data_hash\" value=\"\" \/>\n<input type=\"hidden\" name=\"_wpcf7_recaptcha_response\" value=\"\" \/>\n<\/div>\n<p><label> Votre nom *<br \/>\n<span class=\"wpcf7-form-control-wrap\" data-name=\"Votrenom\"><input size=\"40\" class=\"wpcf7-form-control wpcf7-text wpcf7-validates-as-required\" aria-required=\"true\" aria-invalid=\"false\" value=\"\" type=\"text\" name=\"Votrenom\" \/><\/span> <\/label>\n<\/p>\n<p><label> Votre adresse de messagerie *<br \/>\n<span class=\"wpcf7-form-control-wrap\" data-name=\"Votreadressedemessagerie\"><input size=\"40\" class=\"wpcf7-form-control wpcf7-text wpcf7-email wpcf7-validates-as-required wpcf7-validates-as-email\" aria-required=\"true\" aria-invalid=\"false\" value=\"\" type=\"email\" name=\"Votreadressedemessagerie\" \/><\/span> <\/label>\n<\/p>\n<p><label> Votre num\u00e9ro de t\u00e9l\u00e9phone *<br \/>\n<span class=\"wpcf7-form-control-wrap\" data-name=\"Votrenumrodetlphone\"><input size=\"40\" class=\"wpcf7-form-control wpcf7-text wpcf7-tel wpcf7-validates-as-required wpcf7-validates-as-tel\" aria-required=\"true\" aria-invalid=\"false\" value=\"\" type=\"tel\" name=\"Votrenumrodetlphone\" \/><\/span> <\/label>\n<\/p>\n<p><label> Objet de votre message * (Pr\u00e9cisez le type de c\u00e9r\u00e9monie)<br \/>\n<span class=\"wpcf7-form-control-wrap\" data-name=\"Objetdevotremessage\"><input size=\"40\" class=\"wpcf7-form-control wpcf7-text wpcf7-validates-as-required\" aria-required=\"true\" aria-invalid=\"false\" value=\"\" type=\"text\" name=\"Objetdevotremessage\" \/><\/span> <\/label>\n<\/p>\n<p><label> Votre message *<br \/>\n<span class=\"wpcf7-form-control-wrap\" data-name=\"Votremessage\"><textarea cols=\"40\" rows=\"10\" class=\"wpcf7-form-control wpcf7-textarea wpcf7-validates-as-required\" aria-required=\"true\" aria-invalid=\"false\" name=\"Votremessage\"><\/textarea><\/span> <\/label>\n<\/p>\n<p><label> Date de la c\u00e9r\u00e9monie<br \/>\n<span class=\"wpcf7-form-control-wrap\" data-name=\"Date\"><input class=\"wpcf7-form-control wpcf7-date wpcf7-validates-as-required wpcf7-validates-as-date\" min=\"2026-01-01\" max=\"2036-12-18\" aria-required=\"true\" aria-invalid=\"false\" placeholder=\"30\/09\/20\" value=\"\" type=\"date\" name=\"Date\" \/><\/span> <\/label>\n<\/p>\n<p><label> Heure de la c\u00e9r\u00e9monie<br \/>\n<span class=\"wpcf7-form-control-wrap\" data-name=\"Heure\"><input size=\"40\" class=\"wpcf7-form-control wpcf7-text\" aria-invalid=\"false\" placeholder=\"00h00\" value=\"\" type=\"text\" name=\"Heure\" \/><\/span> <\/label>\n<\/p>\n<p><label> Lieu et nom de l'\u00e9glise<br \/>\n<span class=\"wpcf7-form-control-wrap\" data-name=\"Lieuetnomdelglise\"><input size=\"40\" class=\"wpcf7-form-control wpcf7-text\" aria-invalid=\"false\" value=\"\" type=\"text\" name=\"Lieuetnomdelglise\" \/><\/span> <\/label>\n<\/p>\n<p><label> Nom du pr\u00eatre ou du la\u00efc r\u00e9f\u00e9rent pour votre c\u00e9r\u00e9monie<br \/>\n<span class=\"wpcf7-form-control-wrap\" data-name=\"Nomduprtreoudulacrfrent\"><input size=\"40\" class=\"wpcf7-form-control wpcf7-text\" aria-invalid=\"false\" value=\"\" type=\"text\" name=\"Nomduprtreoudulacrfrent\" \/><\/span> <\/label>\n<\/p>\n<p><label> Nombre de musiciens souhait\u00e9<br \/>\n<span class=\"wpcf7-form-control-wrap\" data-name=\"Nombredemusicienssouhaite\"><input size=\"40\" class=\"wpcf7-form-control wpcf7-text\" aria-invalid=\"false\" value=\"\" type=\"text\" name=\"Nombredemusicienssouhaite\" \/><\/span> <\/label>\n<\/p>\n<p><label> Formule souhait\u00e9e<br \/>\n<span class=\"wpcf7-form-control-wrap\" data-name=\"Formules\"><span class=\"wpcf7-form-control wpcf7-checkbox wpcf7-exclusive-checkbox\"><span class=\"wpcf7-list-item first\"><span class=\"wpcf7-list-item-label\">Classique<\/span><input type=\"checkbox\" name=\"Formules\" value=\"Classique\" \/><\/span><span class=\"wpcf7-list-item\"><span class=\"wpcf7-list-item-label\">Cl\u00e9 en main<\/span><input type=\"checkbox\" name=\"Formules\" value=\"Cl\u00e9 en main\" \/><\/span><span class=\"wpcf7-list-item\"><span class=\"wpcf7-list-item-label\">Spi<\/span><input type=\"checkbox\" name=\"Formules\" value=\"Spi\" \/><\/span><span class=\"wpcf7-list-item last\"><span class=\"wpcf7-list-item-label\">Compl\u00e8te<\/span><input type=\"checkbox\" name=\"Formules\" value=\"Compl\u00e8te\" \/><\/span><\/span><\/span> <\/label>\n<\/p>\n<p><label> Chants souhait\u00e9s (cf. prototypes de c\u00e9r\u00e9monie)<br \/>\n<span class=\"wpcf7-form-control-wrap\" data-name=\"Chantssouhaits\"><textarea cols=\"40\" rows=\"10\" class=\"wpcf7-form-control wpcf7-textarea\" aria-invalid=\"false\" name=\"Chantssouhaits\"><\/textarea><\/span> <\/label>\n<\/p>\n<p>Veuillez remplir les champs marqu\u00e9s d'un *\n<\/p>\n<span class=\"wpcf7-form-control-wrap recaptcha\" data-name=\"recaptcha\"><span data-sitekey=\"6LemO-IUAAAAAFW6XtWw7Qgh7qq9OUwo-3HStigE\" data-align=\"center\" class=\"wpcf7-form-control g-recaptcha wpcf7-recaptcha\"><\/span>\r\n<noscript>\r\n\t<div class=\"grecaptcha-noscript\">\r\n\t\t<iframe loading=\"lazy\" src=\"https:\/\/www.google.com\/recaptcha\/api\/fallback?k=6LemO-IUAAAAAFW6XtWw7Qgh7qq9OUwo-3HStigE\" frameborder=\"0\" scrolling=\"no\" width=\"310\" height=\"430\">\r\n\t\t<\/iframe>\r\n\t\t<textarea name=\"g-recaptcha-response\" rows=\"3\" cols=\"40\" placeholder=\"reCaptcha Response Here\">\r\n\t\t<\/textarea>\r\n\t<\/div>\r\n<\/noscript>\r\n<\/span>\n<p><input class=\"wpcf7-form-control has-spinner wpcf7-submit\" type=\"submit\" value=\"Envoyer\" \/>\n<\/p><div class=\"wpcf7-response-output\" aria-hidden=\"true\"><\/div>\n<\/form>\n<\/div>\n\n\n\n\n<hr class=\"wp-block-separator has-css-opacity is-style-default\"\/>\n\n\n\n<p>Suivez-nous et retrouvez toute l&rsquo;actualit\u00e9 de notre groupe sur <a href=\"https:\/\/www.instagram.com\/invites\/contact\/?i=1kj0vlwqhdl7f&amp;utm_content=qujpsjf\" target=\"_blank\" rel=\"noreferrer noopener\">@lev_animationaleglise<\/a>, <a aria-label=\" (s\u2019ouvre dans un nouvel onglet)\" href=\"https:\/\/www.facebook.com\/lev.music31\" target=\"_blank\" rel=\"noreferrer noopener\">https:\/\/www.facebook.com\/lev.music31<\/a> et sur notre <a aria-label=\" (s\u2019ouvre dans un nouvel onglet)\" href=\"https:\/\/www.youtube.com\/channel\/UC5d0_YDDEcvLT6UCCrTNRbw?view_as=subscriber\" target=\"_blank\" rel=\"noreferrer noopener\">cha\u00eene YouTube<\/a> !<\/p>\n\n\n\n<p><\/p>\n<\/div>\n<\/div>\n","protected":false},"excerpt":{"rendered":"<p>N&rsquo;h\u00e9sitez pas \u00e0 nous contacter pour tout renseignement compl\u00e9mentaire au 06 02 05 26 52, ou pour une demande de devis via le formulaire ci-dessous. Nous nous ferons une joie de d\u00e9couvrir votre projet et de r\u00e9pondre \u00e0 toutes vos questions dans les plus brefs d\u00e9lais. \u00c0 tr\u00e8s vite ! Suivez-nous et retrouvez toute l&rsquo;actualit\u00e9 &hellip; <\/p>\n<p class=\"link-more\"><a href=\"https:\/\/lev.music31.fr\/index.php\/nous-contacter\/\" class=\"more-link\">Continuer la lecture<span class=\"screen-reader-text\"> de &laquo;&nbsp;Contact&nbsp;&raquo;<\/span><\/a><\/p>\n","protected":false},"author":1,"featured_media":0,"parent":0,"menu_order":0,"comment_status":"closed","ping_status":"closed","template":"","meta":{"footnotes":""},"class_list":["post-20","page","type-page","status-publish","hentry"],"yoast_head":"<!-- This site is optimized with the Yoast SEO plugin v20.3 - https:\/\/yoast.com\/wordpress\/plugins\/seo\/ -->\n<title>Contact - L\u00e8v<\/title>\n<meta name=\"robots\" content=\"index, follow, max-snippet:-1, max-image-preview:large, max-video-preview:-1\" \/>\n<link rel=\"canonical\" href=\"https:\/\/lev.music31.fr\/index.php\/nous-contacter\/\" \/>\n<meta property=\"og:locale\" content=\"fr_FR\" \/>\n<meta property=\"og:type\" content=\"article\" \/>\n<meta property=\"og:title\" content=\"Contact - L\u00e8v\" \/>\n<meta property=\"og:description\" content=\"N&rsquo;h\u00e9sitez pas \u00e0 nous contacter pour tout renseignement compl\u00e9mentaire au 06 02 05 26 52, ou pour une demande de devis via le formulaire ci-dessous. Nous nous ferons une joie de d\u00e9couvrir votre projet et de r\u00e9pondre \u00e0 toutes vos questions dans les plus brefs d\u00e9lais. \u00c0 tr\u00e8s vite ! Suivez-nous et retrouvez toute l&rsquo;actualit\u00e9 &hellip; Continuer la lecture de &laquo;&nbsp;Contact&nbsp;&raquo;\" \/>\n<meta property=\"og:url\" content=\"https:\/\/lev.music31.fr\/index.php\/nous-contacter\/\" \/>\n<meta property=\"og:site_name\" content=\"L\u00e8v\" \/>\n<meta property=\"article:publisher\" content=\"https:\/\/www.facebook.com\/lev.music31\" \/>\n<meta property=\"article:modified_time\" content=\"2023-03-14T23:01:02+00:00\" \/>\n<meta name=\"twitter:card\" content=\"summary_large_image\" \/>\n<meta name=\"twitter:label1\" content=\"Dur\u00e9e de lecture estim\u00e9e\" \/>\n\t<meta name=\"twitter:data1\" content=\"1 minute\" \/>\n<script type=\"application\/ld+json\" class=\"yoast-schema-graph\">{\"@context\":\"https:\/\/schema.org\",\"@graph\":[{\"@type\":\"WebPage\",\"@id\":\"https:\/\/lev.music31.fr\/index.php\/nous-contacter\/\",\"url\":\"https:\/\/lev.music31.fr\/index.php\/nous-contacter\/\",\"name\":\"Contact - L\u00e8v\",\"isPartOf\":{\"@id\":\"https:\/\/lev.music31.fr\/#website\"},\"datePublished\":\"2020-03-06T21:48:57+00:00\",\"dateModified\":\"2023-03-14T23:01:02+00:00\",\"breadcrumb\":{\"@id\":\"https:\/\/lev.music31.fr\/index.php\/nous-contacter\/#breadcrumb\"},\"inLanguage\":\"fr-FR\",\"potentialAction\":[{\"@type\":\"ReadAction\",\"target\":[\"https:\/\/lev.music31.fr\/index.php\/nous-contacter\/\"]}]},{\"@type\":\"BreadcrumbList\",\"@id\":\"https:\/\/lev.music31.fr\/index.php\/nous-contacter\/#breadcrumb\",\"itemListElement\":[{\"@type\":\"ListItem\",\"position\":1,\"name\":\"Accueil\",\"item\":\"https:\/\/lev.music31.fr\/\"},{\"@type\":\"ListItem\",\"position\":2,\"name\":\"Contact\"}]},{\"@type\":\"WebSite\",\"@id\":\"https:\/\/lev.music31.fr\/#website\",\"url\":\"https:\/\/lev.music31.fr\/\",\"name\":\"L\u00e8v\",\"description\":\"Battre au rythme de vos c\u0153urs\",\"publisher\":{\"@id\":\"https:\/\/lev.music31.fr\/#organization\"},\"potentialAction\":[{\"@type\":\"SearchAction\",\"target\":{\"@type\":\"EntryPoint\",\"urlTemplate\":\"https:\/\/lev.music31.fr\/?s={search_term_string}\"},\"query-input\":\"required name=search_term_string\"}],\"inLanguage\":\"fr-FR\"},{\"@type\":\"Organization\",\"@id\":\"https:\/\/lev.music31.fr\/#organization\",\"name\":\"L\u00c8V\",\"url\":\"https:\/\/lev.music31.fr\/\",\"logo\":{\"@type\":\"ImageObject\",\"inLanguage\":\"fr-FR\",\"@id\":\"https:\/\/lev.music31.fr\/#\/schema\/logo\/image\/\",\"url\":\"https:\/\/lev.music31.fr\/wp-content\/uploads\/2020\/03\/L\u00e8v-logo_4.png\",\"contentUrl\":\"https:\/\/lev.music31.fr\/wp-content\/uploads\/2020\/03\/L\u00e8v-logo_4.png\",\"width\":1080,\"height\":1080,\"caption\":\"L\u00c8V\"},\"image\":{\"@id\":\"https:\/\/lev.music31.fr\/#\/schema\/logo\/image\/\"},\"sameAs\":[\"https:\/\/www.facebook.com\/lev.music31\"]}]}<\/script>\n<!-- \/ Yoast SEO plugin. -->","yoast_head_json":{"title":"Contact - L\u00e8v","robots":{"index":"index","follow":"follow","max-snippet":"max-snippet:-1","max-image-preview":"max-image-preview:large","max-video-preview":"max-video-preview:-1"},"canonical":"https:\/\/lev.music31.fr\/index.php\/nous-contacter\/","og_locale":"fr_FR","og_type":"article","og_title":"Contact - L\u00e8v","og_description":"N&rsquo;h\u00e9sitez pas \u00e0 nous contacter pour tout renseignement compl\u00e9mentaire au 06 02 05 26 52, ou pour une demande de devis via le formulaire ci-dessous. Nous nous ferons une joie de d\u00e9couvrir votre projet et de r\u00e9pondre \u00e0 toutes vos questions dans les plus brefs d\u00e9lais. \u00c0 tr\u00e8s vite ! Suivez-nous et retrouvez toute l&rsquo;actualit\u00e9 &hellip; Continuer la lecture de &laquo;&nbsp;Contact&nbsp;&raquo;","og_url":"https:\/\/lev.music31.fr\/index.php\/nous-contacter\/","og_site_name":"L\u00e8v","article_publisher":"https:\/\/www.facebook.com\/lev.music31","article_modified_time":"2023-03-14T23:01:02+00:00","twitter_card":"summary_large_image","twitter_misc":{"Dur\u00e9e de lecture estim\u00e9e":"1 minute"},"schema":{"@context":"https:\/\/schema.org","@graph":[{"@type":"WebPage","@id":"https:\/\/lev.music31.fr\/index.php\/nous-contacter\/","url":"https:\/\/lev.music31.fr\/index.php\/nous-contacter\/","name":"Contact - L\u00e8v","isPartOf":{"@id":"https:\/\/lev.music31.fr\/#website"},"datePublished":"2020-03-06T21:48:57+00:00","dateModified":"2023-03-14T23:01:02+00:00","breadcrumb":{"@id":"https:\/\/lev.music31.fr\/index.php\/nous-contacter\/#breadcrumb"},"inLanguage":"fr-FR","potentialAction":[{"@type":"ReadAction","target":["https:\/\/lev.music31.fr\/index.php\/nous-contacter\/"]}]},{"@type":"BreadcrumbList","@id":"https:\/\/lev.music31.fr\/index.php\/nous-contacter\/#breadcrumb","itemListElement":[{"@type":"ListItem","position":1,"name":"Accueil","item":"https:\/\/lev.music31.fr\/"},{"@type":"ListItem","position":2,"name":"Contact"}]},{"@type":"WebSite","@id":"https:\/\/lev.music31.fr\/#website","url":"https:\/\/lev.music31.fr\/","name":"L\u00e8v","description":"Battre au rythme de vos c\u0153urs","publisher":{"@id":"https:\/\/lev.music31.fr\/#organization"},"potentialAction":[{"@type":"SearchAction","target":{"@type":"EntryPoint","urlTemplate":"https:\/\/lev.music31.fr\/?s={search_term_string}"},"query-input":"required name=search_term_string"}],"inLanguage":"fr-FR"},{"@type":"Organization","@id":"https:\/\/lev.music31.fr\/#organization","name":"L\u00c8V","url":"https:\/\/lev.music31.fr\/","logo":{"@type":"ImageObject","inLanguage":"fr-FR","@id":"https:\/\/lev.music31.fr\/#\/schema\/logo\/image\/","url":"https:\/\/lev.music31.fr\/wp-content\/uploads\/2020\/03\/L\u00e8v-logo_4.png","contentUrl":"https:\/\/lev.music31.fr\/wp-content\/uploads\/2020\/03\/L\u00e8v-logo_4.png","width":1080,"height":1080,"caption":"L\u00c8V"},"image":{"@id":"https:\/\/lev.music31.fr\/#\/schema\/logo\/image\/"},"sameAs":["https:\/\/www.facebook.com\/lev.music31"]}]}},"_links":{"self":[{"href":"https:\/\/lev.music31.fr\/index.php\/wp-json\/wp\/v2\/pages\/20","targetHints":{"allow":["GET"]}}],"collection":[{"href":"https:\/\/lev.music31.fr\/index.php\/wp-json\/wp\/v2\/pages"}],"about":[{"href":"https:\/\/lev.music31.fr\/index.php\/wp-json\/wp\/v2\/types\/page"}],"author":[{"embeddable":true,"href":"https:\/\/lev.music31.fr\/index.php\/wp-json\/wp\/v2\/users\/1"}],"replies":[{"embeddable":true,"href":"https:\/\/lev.music31.fr\/index.php\/wp-json\/wp\/v2\/comments?post=20"}],"version-history":[{"count":27,"href":"https:\/\/lev.music31.fr\/index.php\/wp-json\/wp\/v2\/pages\/20\/revisions"}],"predecessor-version":[{"id":1197,"href":"https:\/\/lev.music31.fr\/index.php\/wp-json\/wp\/v2\/pages\/20\/revisions\/1197"}],"wp:attachment":[{"href":"https:\/\/lev.music31.fr\/index.php\/wp-json\/wp\/v2\/media?parent=20"}],"curies":[{"name":"wp","href":"https:\/\/api.w.org\/{rel}","templated":true}]}}