{"id":132,"date":"2020-05-02T14:27:23","date_gmt":"2020-05-02T12:27:23","guid":{"rendered":"http:\/\/musique31.fr\/?page_id=132"},"modified":"2021-09-24T22:59:35","modified_gmt":"2021-09-24T20:59:35","slug":"bapteme","status":"publish","type":"page","link":"https:\/\/lev.music31.fr\/index.php\/bapteme\/","title":{"rendered":"Bapt\u00eame"},"content":{"rendered":"\n<div class=\"wp-block-columns is-layout-flex wp-container-core-columns-is-layout-9d6595d7 wp-block-columns-is-layout-flex\">\n<div class=\"wp-block-column is-layout-flow wp-block-column-is-layout-flow\" style=\"flex-basis:20%\"><\/div>\n\n\n\n<div class=\"wp-block-column is-layout-flow wp-block-column-is-layout-flow\" style=\"flex-basis:70%\">\n<p><strong>\u00c0 vous qui allez faire baptiser votre enfant&#8230;<\/strong><\/p>\n\n\n\n<p>Nous voulons que ce jour si pr\u00e9cieux pour votre enfant, pour vous et pour votre famille soit m\u00e9morable, avec une belle c\u00e9r\u00e9monie \u00e0 l\u2019\u00e9glise o\u00f9 nous accueillons tous ensemble ce nouvel enfant de Dieu.<\/p>\n\n\n\n<h1 class=\"has-text-color wp-block-heading\" style=\"color:#c39249\">Prototype de d\u00e9roul\u00e9<\/h1>\n\n\n\n<figure class=\"wp-block-table\"><table><tbody><tr><td><strong>Accueil<\/strong><\/td><td><\/td><\/tr><tr><td><strong>Chant d&rsquo;entr\u00e9e<\/strong><\/td><td>* Appel\u00e9s enfants de Dieu<br>* Ouvre mes yeux, Seigneur<\/td><\/tr><tr><td><strong>Lecture<\/strong><\/td><td><\/td><\/tr><tr><td><strong>Psaume<\/strong><\/td><td>* B\u00e9nis le Seigneur, \u00f4 mon \u00e2me <div class=\"compact_audio_player_wrapper\"><div class=\"sc_player_container1\"><input type=\"button\" id=\"btnplay_6a0665fec93cc8.82964829\" class=\"myButton_play\" onClick=\"play_mp3('play','6a0665fec93cc8.82964829','https:\/\/lev.music31.fr\/wp-content\/uploads\/2020\/06\/Clean_B\u00e9nis_le_Seigneur_o_mon_ame.mp3','80','false');show_hide('play','6a0665fec93cc8.82964829');\" \/><input type=\"button\"  id=\"btnstop_6a0665fec93cc8.82964829\" style=\"display:none\" class=\"myButton_stop\" onClick=\"play_mp3('stop','6a0665fec93cc8.82964829','','80','false');show_hide('stop','6a0665fec93cc8.82964829');\" \/><div id=\"sm2-container\"><!-- flash movie ends up here --><\/div><\/div><\/div><\/td><\/tr><tr><td><strong>Acclamation de l&rsquo;<strong>\u00c9<\/strong>vangile<\/strong><\/td><td><\/td><\/tr><tr><td><strong>\u00c9vangile<\/strong><\/td><td><\/td><\/tr><tr><td><strong>Hom\u00e9lie<\/strong><\/td><td><\/td><\/tr><tr><td><strong>Litanie des saints<\/strong><\/td><td><\/td><\/tr><tr><td><strong>Renonciation au mal<\/strong> &amp; <strong>Profession de Foi<\/strong><\/td><td><\/td><\/tr><tr><td><strong>Le bapt\u00eame <\/strong>(l&rsquo;eau)<\/td><td>* Tu es devenu enfant de Dieu<\/td><\/tr><tr><td><strong>Onction du Saint Chr\u00eame<\/strong><\/td><td>* \u00c9veille-toi, \u00f4 toi qui dors<br>* Ne crains pas<\/td><\/tr><tr><td><strong>Le v\u00eatement blanc<\/strong><\/td><td><\/td><\/tr><tr><td><strong>La lumi\u00e8re<\/strong><\/td><td><\/td><\/tr><tr><td><strong>Notre P\u00e8re<\/strong><\/td><td><\/td><\/tr><tr><td><strong>B\u00e9n\u00e9diction finale<\/strong><\/td><td><\/td><\/tr><tr><td><strong>Chant \u00e0 Marie<\/strong><\/td><td>* Ave Maria de Glorious <div class=\"compact_audio_player_wrapper\"><div class=\"sc_player_container1\"><input type=\"button\" id=\"btnplay_6a0665fece54d9.08911916\" class=\"myButton_play\" onClick=\"play_mp3('play','6a0665fece54d9.08911916','https:\/\/lev.music31.fr\/wp-content\/uploads\/2021\/03\/Clean_Avec_Maria_glorious.mp3','80','false');show_hide('play','6a0665fece54d9.08911916');\" \/><input type=\"button\"  id=\"btnstop_6a0665fece54d9.08911916\" style=\"display:none\" class=\"myButton_stop\" onClick=\"play_mp3('stop','6a0665fece54d9.08911916','','80','false');show_hide('stop','6a0665fece54d9.08911916');\" \/><div id=\"sm2-container\"><!-- flash movie ends up here --><\/div><\/div><\/div><br>* \u00d4 M\u00e8re du Sauveur<\/td><\/tr><tr><td><strong>Signature des registres<\/strong><\/td><td><\/td><\/tr><tr><td><strong>Chant d&rsquo;envoi<\/strong><\/td><td>* Il a chang\u00e9 nos vies<br>* All\u00e9luia, acclamez terre enti\u00e8re<\/td><\/tr><\/tbody><\/table><\/figure>\n\n\n\n<h4 class=\"wp-block-heading\"><span style=\"color:#10739e\" class=\"has-inline-color\">LISTE COMPL\u00c9MENTAIRE<\/span><\/h4>\n\n\n\n<ul class=\"wp-block-list\"><li>Litanie des saints congolaise<\/li><li>Que ta parole<\/li><li>Tu nous as sauv\u00e9s, all\u00e9luia<\/li><li>Marie, douce lumi\u00e8re<\/li><\/ul>\n\n\n\n<p><strong>Nota<\/strong> : La liste des chants et morceaux musicaux propos\u00e9s ci-dessus n\u2019est pas exhaustive. Nous prendrons soin, dans la mesure du possible, d&rsquo;int\u00e9grer vos demandes sp\u00e9cifiques.<\/p>\n<\/div>\n<\/div>\n","protected":false},"excerpt":{"rendered":"<p>\u00c0 vous qui allez faire baptiser votre enfant&#8230; Nous voulons que ce jour si pr\u00e9cieux pour votre enfant, pour vous et pour votre famille soit m\u00e9morable, avec une belle c\u00e9r\u00e9monie \u00e0 l\u2019\u00e9glise o\u00f9 nous accueillons tous ensemble ce nouvel enfant de Dieu. Prototype de d\u00e9roul\u00e9 Accueil Chant d&rsquo;entr\u00e9e * Appel\u00e9s enfants de Dieu* Ouvre mes &hellip; <\/p>\n<p class=\"link-more\"><a href=\"https:\/\/lev.music31.fr\/index.php\/bapteme\/\" class=\"more-link\">Continuer la lecture<span class=\"screen-reader-text\"> de &laquo;&nbsp;Bapt\u00eame&nbsp;&raquo;<\/span><\/a><\/p>\n","protected":false},"author":1,"featured_media":210,"parent":0,"menu_order":0,"comment_status":"closed","ping_status":"closed","template":"","meta":{"footnotes":""},"class_list":["post-132","page","type-page","status-publish","has-post-thumbnail","hentry"],"yoast_head":"<!-- This site is optimized with the Yoast SEO plugin v20.3 - https:\/\/yoast.com\/wordpress\/plugins\/seo\/ -->\n<title>Bapt\u00eame - L\u00e8v<\/title>\n<meta name=\"robots\" content=\"index, follow, max-snippet:-1, max-image-preview:large, max-video-preview:-1\" \/>\n<link rel=\"canonical\" href=\"https:\/\/lev.music31.fr\/index.php\/bapteme\/\" \/>\n<meta property=\"og:locale\" content=\"fr_FR\" \/>\n<meta property=\"og:type\" content=\"article\" \/>\n<meta property=\"og:title\" content=\"Bapt\u00eame - L\u00e8v\" \/>\n<meta property=\"og:description\" content=\"\u00c0 vous qui allez faire baptiser votre enfant&#8230; Nous voulons que ce jour si pr\u00e9cieux pour votre enfant, pour vous et pour votre famille soit m\u00e9morable, avec une belle c\u00e9r\u00e9monie \u00e0 l\u2019\u00e9glise o\u00f9 nous accueillons tous ensemble ce nouvel enfant de Dieu. Prototype de d\u00e9roul\u00e9 Accueil Chant d&rsquo;entr\u00e9e * Appel\u00e9s enfants de Dieu* Ouvre mes &hellip; Continuer la lecture de &laquo;&nbsp;Bapt\u00eame&nbsp;&raquo;\" \/>\n<meta property=\"og:url\" content=\"https:\/\/lev.music31.fr\/index.php\/bapteme\/\" \/>\n<meta property=\"og:site_name\" content=\"L\u00e8v\" \/>\n<meta property=\"article:publisher\" content=\"https:\/\/www.facebook.com\/lev.music31\" \/>\n<meta property=\"article:modified_time\" content=\"2021-09-24T20:59:35+00:00\" \/>\n<meta property=\"og:image\" content=\"https:\/\/lev.music31.fr\/wp-content\/uploads\/2020\/05\/bapteme.jpg\" \/>\n\t<meta property=\"og:image:width\" content=\"1599\" \/>\n\t<meta property=\"og:image:height\" content=\"770\" \/>\n\t<meta property=\"og:image:type\" content=\"image\/jpeg\" \/>\n<meta name=\"twitter:card\" content=\"summary_large_image\" \/>\n<meta name=\"twitter:label1\" content=\"Dur\u00e9e de lecture estim\u00e9e\" \/>\n\t<meta name=\"twitter:data1\" content=\"1 minute\" \/>\n<script type=\"application\/ld+json\" class=\"yoast-schema-graph\">{\"@context\":\"https:\/\/schema.org\",\"@graph\":[{\"@type\":\"WebPage\",\"@id\":\"https:\/\/lev.music31.fr\/index.php\/bapteme\/\",\"url\":\"https:\/\/lev.music31.fr\/index.php\/bapteme\/\",\"name\":\"Bapt\u00eame - L\u00e8v\",\"isPartOf\":{\"@id\":\"https:\/\/lev.music31.fr\/#website\"},\"datePublished\":\"2020-05-02T12:27:23+00:00\",\"dateModified\":\"2021-09-24T20:59:35+00:00\",\"breadcrumb\":{\"@id\":\"https:\/\/lev.music31.fr\/index.php\/bapteme\/#breadcrumb\"},\"inLanguage\":\"fr-FR\",\"potentialAction\":[{\"@type\":\"ReadAction\",\"target\":[\"https:\/\/lev.music31.fr\/index.php\/bapteme\/\"]}]},{\"@type\":\"BreadcrumbList\",\"@id\":\"https:\/\/lev.music31.fr\/index.php\/bapteme\/#breadcrumb\",\"itemListElement\":[{\"@type\":\"ListItem\",\"position\":1,\"name\":\"Accueil\",\"item\":\"https:\/\/lev.music31.fr\/\"},{\"@type\":\"ListItem\",\"position\":2,\"name\":\"Bapt\u00eame\"}]},{\"@type\":\"WebSite\",\"@id\":\"https:\/\/lev.music31.fr\/#website\",\"url\":\"https:\/\/lev.music31.fr\/\",\"name\":\"L\u00e8v\",\"description\":\"Battre au rythme de vos c\u0153urs\",\"publisher\":{\"@id\":\"https:\/\/lev.music31.fr\/#organization\"},\"potentialAction\":[{\"@type\":\"SearchAction\",\"target\":{\"@type\":\"EntryPoint\",\"urlTemplate\":\"https:\/\/lev.music31.fr\/?s={search_term_string}\"},\"query-input\":\"required name=search_term_string\"}],\"inLanguage\":\"fr-FR\"},{\"@type\":\"Organization\",\"@id\":\"https:\/\/lev.music31.fr\/#organization\",\"name\":\"L\u00c8V\",\"url\":\"https:\/\/lev.music31.fr\/\",\"logo\":{\"@type\":\"ImageObject\",\"inLanguage\":\"fr-FR\",\"@id\":\"https:\/\/lev.music31.fr\/#\/schema\/logo\/image\/\",\"url\":\"https:\/\/lev.music31.fr\/wp-content\/uploads\/2020\/03\/L\u00e8v-logo_4.png\",\"contentUrl\":\"https:\/\/lev.music31.fr\/wp-content\/uploads\/2020\/03\/L\u00e8v-logo_4.png\",\"width\":1080,\"height\":1080,\"caption\":\"L\u00c8V\"},\"image\":{\"@id\":\"https:\/\/lev.music31.fr\/#\/schema\/logo\/image\/\"},\"sameAs\":[\"https:\/\/www.facebook.com\/lev.music31\"]}]}<\/script>\n<!-- \/ Yoast SEO plugin. -->","yoast_head_json":{"title":"Bapt\u00eame - L\u00e8v","robots":{"index":"index","follow":"follow","max-snippet":"max-snippet:-1","max-image-preview":"max-image-preview:large","max-video-preview":"max-video-preview:-1"},"canonical":"https:\/\/lev.music31.fr\/index.php\/bapteme\/","og_locale":"fr_FR","og_type":"article","og_title":"Bapt\u00eame - L\u00e8v","og_description":"\u00c0 vous qui allez faire baptiser votre enfant&#8230; Nous voulons que ce jour si pr\u00e9cieux pour votre enfant, pour vous et pour votre famille soit m\u00e9morable, avec une belle c\u00e9r\u00e9monie \u00e0 l\u2019\u00e9glise o\u00f9 nous accueillons tous ensemble ce nouvel enfant de Dieu. Prototype de d\u00e9roul\u00e9 Accueil Chant d&rsquo;entr\u00e9e * Appel\u00e9s enfants de Dieu* Ouvre mes &hellip; Continuer la lecture de &laquo;&nbsp;Bapt\u00eame&nbsp;&raquo;","og_url":"https:\/\/lev.music31.fr\/index.php\/bapteme\/","og_site_name":"L\u00e8v","article_publisher":"https:\/\/www.facebook.com\/lev.music31","article_modified_time":"2021-09-24T20:59:35+00:00","og_image":[{"width":1599,"height":770,"url":"https:\/\/lev.music31.fr\/wp-content\/uploads\/2020\/05\/bapteme.jpg","type":"image\/jpeg"}],"twitter_card":"summary_large_image","twitter_misc":{"Dur\u00e9e de lecture estim\u00e9e":"1 minute"},"schema":{"@context":"https:\/\/schema.org","@graph":[{"@type":"WebPage","@id":"https:\/\/lev.music31.fr\/index.php\/bapteme\/","url":"https:\/\/lev.music31.fr\/index.php\/bapteme\/","name":"Bapt\u00eame - L\u00e8v","isPartOf":{"@id":"https:\/\/lev.music31.fr\/#website"},"datePublished":"2020-05-02T12:27:23+00:00","dateModified":"2021-09-24T20:59:35+00:00","breadcrumb":{"@id":"https:\/\/lev.music31.fr\/index.php\/bapteme\/#breadcrumb"},"inLanguage":"fr-FR","potentialAction":[{"@type":"ReadAction","target":["https:\/\/lev.music31.fr\/index.php\/bapteme\/"]}]},{"@type":"BreadcrumbList","@id":"https:\/\/lev.music31.fr\/index.php\/bapteme\/#breadcrumb","itemListElement":[{"@type":"ListItem","position":1,"name":"Accueil","item":"https:\/\/lev.music31.fr\/"},{"@type":"ListItem","position":2,"name":"Bapt\u00eame"}]},{"@type":"WebSite","@id":"https:\/\/lev.music31.fr\/#website","url":"https:\/\/lev.music31.fr\/","name":"L\u00e8v","description":"Battre au rythme de vos c\u0153urs","publisher":{"@id":"https:\/\/lev.music31.fr\/#organization"},"potentialAction":[{"@type":"SearchAction","target":{"@type":"EntryPoint","urlTemplate":"https:\/\/lev.music31.fr\/?s={search_term_string}"},"query-input":"required name=search_term_string"}],"inLanguage":"fr-FR"},{"@type":"Organization","@id":"https:\/\/lev.music31.fr\/#organization","name":"L\u00c8V","url":"https:\/\/lev.music31.fr\/","logo":{"@type":"ImageObject","inLanguage":"fr-FR","@id":"https:\/\/lev.music31.fr\/#\/schema\/logo\/image\/","url":"https:\/\/lev.music31.fr\/wp-content\/uploads\/2020\/03\/L\u00e8v-logo_4.png","contentUrl":"https:\/\/lev.music31.fr\/wp-content\/uploads\/2020\/03\/L\u00e8v-logo_4.png","width":1080,"height":1080,"caption":"L\u00c8V"},"image":{"@id":"https:\/\/lev.music31.fr\/#\/schema\/logo\/image\/"},"sameAs":["https:\/\/www.facebook.com\/lev.music31"]}]}},"_links":{"self":[{"href":"https:\/\/lev.music31.fr\/index.php\/wp-json\/wp\/v2\/pages\/132","targetHints":{"allow":["GET"]}}],"collection":[{"href":"https:\/\/lev.music31.fr\/index.php\/wp-json\/wp\/v2\/pages"}],"about":[{"href":"https:\/\/lev.music31.fr\/index.php\/wp-json\/wp\/v2\/types\/page"}],"author":[{"embeddable":true,"href":"https:\/\/lev.music31.fr\/index.php\/wp-json\/wp\/v2\/users\/1"}],"replies":[{"embeddable":true,"href":"https:\/\/lev.music31.fr\/index.php\/wp-json\/wp\/v2\/comments?post=132"}],"version-history":[{"count":20,"href":"https:\/\/lev.music31.fr\/index.php\/wp-json\/wp\/v2\/pages\/132\/revisions"}],"predecessor-version":[{"id":1053,"href":"https:\/\/lev.music31.fr\/index.php\/wp-json\/wp\/v2\/pages\/132\/revisions\/1053"}],"wp:featuredmedia":[{"embeddable":true,"href":"https:\/\/lev.music31.fr\/index.php\/wp-json\/wp\/v2\/media\/210"}],"wp:attachment":[{"href":"https:\/\/lev.music31.fr\/index.php\/wp-json\/wp\/v2\/media?parent=132"}],"curies":[{"name":"wp","href":"https:\/\/api.w.org\/{rel}","templated":true}]}}